{"id":28731,"date":"2017-07-31T07:38:52","date_gmt":"2017-07-31T07:38:52","guid":{"rendered":"http:\/\/competition.hu\/blog\/"},"modified":"2024-02-15T15:29:17","modified_gmt":"2024-02-15T15:29:17","slug":"blog","status":"publish","type":"page","link":"https:\/\/constructionpapers.hu\/en\/","title":{"rendered":"Blog"},"content":{"rendered":"<p>[et_pb_section fb_built=&#8221;1&#8243; inner_shadow=&#8221;on&#8221; admin_label=&#8221;Hero Section&#8221; _builder_version=&#8221;4.16&#8243; background_image=&#8221;https:\/\/constructionpapers.hu\/wp-content\/uploads\/2020\/08\/construction-home.jpg&#8221; transparent_background=&#8221;off&#8221; make_fullwidth=&#8221;off&#8221; use_custom_width=&#8221;off&#8221; width_unit=&#8221;on&#8221; collapsed=&#8221;off&#8221; global_colors_info=&#8221;{}&#8221;][et_pb_row padding_mobile=&#8221;on&#8221; column_padding_mobile=&#8221;on&#8221; admin_label=&#8221;row&#8221; _builder_version=&#8221;4.16&#8243; background_size=&#8221;initial&#8221; background_position=&#8221;top_left&#8221; background_repeat=&#8221;repeat&#8221; custom_margin=&#8221;10%||10%||false|false&#8221; custom_padding=&#8221;||0px|&#8221; make_fullwidth=&#8221;off&#8221; use_custom_width=&#8221;off&#8221; width_unit=&#8221;on&#8221; global_colors_info=&#8221;{}&#8221;][et_pb_column type=&#8221;4_4&#8243; _builder_version=&#8221;4.16&#8243; custom_padding=&#8221;|||&#8221; global_colors_info=&#8221;{}&#8221; custom_padding__hover=&#8221;|||&#8221;][et_pb_cta title=&#8221;CONSTRUCTION PAPERS&#8221; admin_label=&#8221;Slider&#8221; _builder_version=&#8221;4.16&#8243; header_font=&#8221;Montserrat|on|||&#8221; header_text_color=&#8221;#ffffff&#8221; header_font_size=&#8221;56&#8243; header_line_height=&#8221;1.3em&#8221; body_font=&#8221;Montserrat||||&#8221; body_text_color=&#8221;#ffffff&#8221; body_font_size=&#8221;26&#8243; body_line_height=&#8221;1.2em&#8221; use_background_color=&#8221;off&#8221; background_enable_image=&#8221;off&#8221; header_font_size_tablet=&#8221;36px&#8221; header_font_size_phone=&#8221;28px&#8221; header_font_size_last_edited=&#8221;on|phone&#8221; custom_css_main_element=&#8221;font-weight:400;&#8221; custom_css_promo_description=&#8221;font-weight:400;&#8221; custom_css_promo_button=&#8221;margin-top:34px;&#8221; button_border_color_hover=&#8221;#aad3ca&#8221; button_border_radius_hover=&#8221;4&#8243; button_letter_spacing_hover=&#8221;1&#8243; global_colors_info=&#8221;{}&#8221; button_text_size__hover_enabled=&#8221;off&#8221; button_one_text_size__hover_enabled=&#8221;off&#8221; button_two_text_size__hover_enabled=&#8221;off&#8221; button_text_color__hover_enabled=&#8221;off&#8221; button_one_text_color__hover_enabled=&#8221;off&#8221; button_two_text_color__hover_enabled=&#8221;off&#8221; button_border_width__hover_enabled=&#8221;off&#8221; button_one_border_width__hover_enabled=&#8221;off&#8221; button_two_border_width__hover_enabled=&#8221;off&#8221; button_border_color__hover_enabled=&#8221;on&#8221; button_border_color__hover=&#8221;#aad3ca&#8221; button_one_border_color__hover_enabled=&#8221;off&#8221; button_two_border_color__hover_enabled=&#8221;off&#8221; button_border_radius__hover_enabled=&#8221;on&#8221; button_border_radius__hover=&#8221;4&#8243; button_one_border_radius__hover_enabled=&#8221;off&#8221; button_two_border_radius__hover_enabled=&#8221;off&#8221; button_letter_spacing__hover_enabled=&#8221;on&#8221; button_letter_spacing__hover=&#8221;1&#8243; button_one_letter_spacing__hover_enabled=&#8221;off&#8221; button_two_letter_spacing__hover_enabled=&#8221;off&#8221; button_bg_color__hover_enabled=&#8221;off&#8221; button_one_bg_color__hover_enabled=&#8221;off&#8221; button_two_bg_color__hover_enabled=&#8221;off&#8221;]<\/p>\n<p>Construction law blog of CERHA HEMPEL<\/p>\n<p>[\/et_pb_cta][\/et_pb_column][\/et_pb_row][\/et_pb_section][et_pb_section fb_built=&#8221;1&#8243; _builder_version=&#8221;4.16&#8243; custom_padding=&#8221;0px||0px|&#8221; global_colors_info=&#8221;{}&#8221;][et_pb_row _builder_version=&#8221;4.16&#8243; background_size=&#8221;initial&#8221; background_position=&#8221;top_left&#8221; background_repeat=&#8221;repeat&#8221; custom_margin=&#8221;35px|||&#8221; global_colors_info=&#8221;{}&#8221;][et_pb_column type=&#8221;4_4&#8243; _builder_version=&#8221;4.16&#8243; custom_padding=&#8221;|||&#8221; global_colors_info=&#8221;{}&#8221; custom_padding__hover=&#8221;|||&#8221;][et_pb_text _builder_version=&#8221;4.16&#8243; text_font=&#8221;Roboto Light||||&#8221; text_text_color=&#8221;#3c3c3c&#8221; text_font_size=&#8221;20&#8243; text_line_height=&#8221;1.5em&#8221; text_orientation=&#8221;center&#8221; module_alignment=&#8221;center&#8221; custom_css_main_element=&#8221;font-weight:300;&#8221; global_colors_info=&#8221;{}&#8221;]<\/p>\n<p style=\"text-align: center;\">This is the blog of the Construction Team dealing with construction matters and disputes in Cerha Hempel Dezs\u0151 and Partners. Our colleagues regularly publish on civil and construction law issues of great interest, which are recurring significant problems for businesses in the construction industry. The materials published here do not constitute legal advices, we can only give them in individual cases. However, our easily understandable analyses can still help you manage risks effectively: avoid avoidable litigation, and prepare for unavoidable lawsuits.<\/p>\n<p>[\/et_pb_text][\/et_pb_column][\/et_pb_row][\/et_pb_section][et_pb_section fb_built=&#8221;1&#8243; _builder_version=&#8221;4.16&#8243; global_colors_info=&#8221;{}&#8221;][et_pb_row column_structure=&#8221;2_3,1_3&#8243; module_class=&#8221;elegantdesign&#8221; _builder_version=&#8221;4.16&#8243; global_colors_info=&#8221;{}&#8221;][et_pb_column type=&#8221;2_3&#8243; _builder_version=&#8221;4.16&#8243; background_position=&#8221;top_left&#8221; custom_padding=&#8221;|||&#8221; global_colors_info=&#8221;{}&#8221; custom_padding__hover=&#8221;|||&#8221;][et_pb_blog fullwidth=&#8221;off&#8221; include_categories=&#8221;all&#8221; show_author=&#8221;off&#8221; show_date=&#8221;off&#8221; show_categories=&#8221;off&#8221; _builder_version=&#8221;4.16&#8243; header_font=&#8221;|on|||&#8221; header_text_color=&#8221;#363a8f&#8221; header_line_height=&#8221;1.2em&#8221; custom_css_featured_image=&#8221;padding-top: 20px; &#8221; box_shadow_style=&#8221;preset1&#8243; box_shadow_vertical=&#8221;1px&#8221; box_shadow_blur=&#8221;5px&#8221; box_shadow_color=&#8221;rgba(0,0,0,.1)&#8221; border_style=&#8221;solid&#8221; use_dropshadow=&#8221;on&#8221; global_colors_info=&#8221;{}&#8221;][\/et_pb_blog][\/et_pb_column][et_pb_column type=&#8221;1_3&#8243; _builder_version=&#8221;4.16&#8243; background_position=&#8221;top_left&#8221; custom_padding=&#8221;|||&#8221; global_colors_info=&#8221;{}&#8221; custom_padding__hover=&#8221;|||&#8221;][et_pb_sidebar orientation=&#8221;right&#8221; area=&#8221;sidebar-1&#8243; _builder_version=&#8221;4.16&#8243; header_font=&#8221;|600|||||||&#8221; header_text_color=&#8221;#363a8f&#8221; header_line_height=&#8221;1.2em&#8221; global_colors_info=&#8221;{}&#8221;][\/et_pb_sidebar][\/et_pb_column][\/et_pb_row][\/et_pb_section][et_pb_section fb_built=&#8221;1&#8243; _builder_version=&#8221;4.16&#8243; _module_preset=&#8221;default&#8221; custom_margin=&#8221;||0px||false|false&#8221; custom_padding=&#8221;||0px||false|false&#8221; global_colors_info=&#8221;{}&#8221;][et_pb_row column_structure=&#8221;1_4,1_4,1_4,1_4&#8243; use_custom_gutter=&#8221;on&#8221; gutter_width=&#8221;2&#8243; make_equal=&#8221;on&#8221; _builder_version=&#8221;4.16&#8243; _module_preset=&#8221;default&#8221; width=&#8221;90%&#8221; max_width=&#8221;1920px&#8221; custom_margin=&#8221;||0px||false|false&#8221; custom_padding=&#8221;||0px||false|false&#8221; custom_css_main_element=&#8221;align-items: flex-end;&#8221; global_colors_info=&#8221;{}&#8221;][et_pb_column type=&#8221;1_4&#8243; _builder_version=&#8221;4.16&#8243; _module_preset=&#8221;default&#8221; global_colors_info=&#8221;{}&#8221;][et_pb_text admin_label=&#8221;Dr. Feny\u0151h\u00e1zi Andr\u00e1s&#8221; _builder_version=&#8221;4.16&#8243; text_font=&#8221;Roboto||||&#8221; text_text_color=&#8221;#363a8f&#8221; text_font_size=&#8221;16px&#8221; background_size=&#8221;initial&#8221; background_position=&#8221;top_left&#8221; background_repeat=&#8221;repeat&#8221; text_orientation=&#8221;center&#8221; custom_margin=&#8221;|5%|||false|false&#8221; use_border_color=&#8221;off&#8221; global_colors_info=&#8221;{}&#8221; text_text_color__hover_enabled=&#8221;on|hover&#8221; text_text_color__hover=&#8221;#f2b400&#8243;]<\/p>\n<p><strong>Dr. Andr\u00e1s Feny\u0151h\u00e1zi<\/strong><br \/>partner<\/p>\n<p>[\/et_pb_text][et_pb_blurb use_icon=&#8221;on&#8221; font_icon=&#8221;&#xe076;||divi||400&#8243; image_icon_width=&#8221;28px&#8221; _builder_version=&#8221;4.17.2&#8243; _module_preset=&#8221;default&#8221; custom_margin=&#8221;||0px||false|false&#8221; custom_padding=&#8221;||0px||false|false&#8221; link_option_url=&#8221;mailto:andras.fenyohazi@cerhahempel.hu&#8221; icon_font_size=&#8221;28px&#8221; global_colors_info=&#8221;{}&#8221; icon_color__hover_enabled=&#8221;on|hover&#8221; icon_color__hover=&#8221;#363a8f&#8221;][\/et_pb_blurb][et_pb_image src=&#8221;https:\/\/constructionpapers.hu\/wp-content\/uploads\/2020\/08\/Fenyohazi-Andras-1.jpg&#8221; title_text=&#8221;Fenyohazi Andras&#8221; _builder_version=&#8221;4.16&#8243; _module_preset=&#8221;default&#8221; max_width=&#8221;80%&#8221; module_alignment=&#8221;center&#8221; animation_style=&#8221;slide&#8221; animation_direction=&#8221;left&#8221; global_colors_info=&#8221;{}&#8221;][\/et_pb_image][\/et_pb_column][et_pb_column type=&#8221;1_4&#8243; _builder_version=&#8221;4.16&#8243; _module_preset=&#8221;default&#8221; global_colors_info=&#8221;{}&#8221;][et_pb_text admin_label=&#8221;Dr. R\u00f3nay-Csord\u00e1s Ilona, LL.M.&#8221; _builder_version=&#8221;4.16&#8243; text_font=&#8221;Roboto||||&#8221; text_text_color=&#8221;#363a8f&#8221; text_font_size=&#8221;16px&#8221; background_size=&#8221;initial&#8221; background_position=&#8221;top_left&#8221; background_repeat=&#8221;repeat&#8221; text_orientation=&#8221;center&#8221; custom_margin=&#8221;|5%|||false|false&#8221; use_border_color=&#8221;off&#8221; global_colors_info=&#8221;{}&#8221; text_text_color__hover_enabled=&#8221;on|hover&#8221; text_text_color__hover=&#8221;#f2b400&#8243;]<\/p>\n<p><strong>Dr. Ilona R\u00f3nay-Csord\u00e1s, LL.M.<\/strong><br \/>partner<\/p>\n<p>[\/et_pb_text][et_pb_blurb use_icon=&#8221;on&#8221; font_icon=&#8221;&#xe076;||divi||400&#8243; image_icon_width=&#8221;28px&#8221; _builder_version=&#8221;4.17.2&#8243; _module_preset=&#8221;default&#8221; custom_margin=&#8221;||0px||false|false&#8221; custom_padding=&#8221;||0px||false|false&#8221; link_option_url=&#8221;mailto:ilona.csordas@cerhahempel.hu&#8221; icon_font_size=&#8221;28px&#8221; global_colors_info=&#8221;{}&#8221; icon_color__hover_enabled=&#8221;on|hover&#8221; icon_color__hover=&#8221;#363a8f&#8221;][\/et_pb_blurb][et_pb_image src=&#8221;https:\/\/constructionpapers.hu\/wp-content\/uploads\/2020\/08\/Ronay-Csordas-Ilona.jpg&#8221; title_text=&#8221;Ronay-Csordas Ilona&#8221; _builder_version=&#8221;4.16&#8243; _module_preset=&#8221;default&#8221; max_width=&#8221;80%&#8221; module_alignment=&#8221;center&#8221; animation_style=&#8221;slide&#8221; animation_direction=&#8221;bottom&#8221; animation_delay=&#8221;200ms&#8221; global_colors_info=&#8221;{}&#8221;][\/et_pb_image][\/et_pb_column][et_pb_column type=&#8221;1_4&#8243; _builder_version=&#8221;4.16&#8243; _module_preset=&#8221;default&#8221; global_colors_info=&#8221;{}&#8221;][et_pb_text admin_label=&#8221;Rajkai Bence&#8221; _builder_version=&#8221;4.16&#8243; text_font=&#8221;Roboto||||&#8221; text_text_color=&#8221;#363a8f&#8221; text_font_size=&#8221;16px&#8221; background_size=&#8221;initial&#8221; background_position=&#8221;top_left&#8221; background_repeat=&#8221;repeat&#8221; text_orientation=&#8221;center&#8221; custom_margin=&#8221;|5%|||false|false&#8221; use_border_color=&#8221;off&#8221; global_colors_info=&#8221;{}&#8221; text_text_color__hover_enabled=&#8221;on|hover&#8221; text_text_color__hover=&#8221;#f2b400&#8243;]<\/p>\n<p><strong>Dr. Bence Rajkai<\/strong><br \/>senior associate<\/p>\n<p>[\/et_pb_text][et_pb_blurb use_icon=&#8221;on&#8221; font_icon=&#8221;&#xe076;||divi||400&#8243; image_icon_width=&#8221;28px&#8221; _builder_version=&#8221;4.17.2&#8243; _module_preset=&#8221;default&#8221; custom_margin=&#8221;||0px||false|false&#8221; custom_padding=&#8221;||0px||false|false&#8221; link_option_url=&#8221;mailto:bence.rajkai@cerhahempel.hu&#8221; icon_font_size=&#8221;28px&#8221; global_colors_info=&#8221;{}&#8221; icon_color__hover_enabled=&#8221;on|hover&#8221; icon_color__hover=&#8221;#363a8f&#8221;][\/et_pb_blurb][et_pb_image src=&#8221;https:\/\/constructionpapers.hu\/wp-content\/uploads\/2020\/08\/Rajkai-Bence.jpg&#8221; title_text=&#8221;Rajkai Bence&#8221; _builder_version=&#8221;4.16&#8243; _module_preset=&#8221;default&#8221; max_width=&#8221;80%&#8221; module_alignment=&#8221;center&#8221; animation_style=&#8221;slide&#8221; animation_direction=&#8221;bottom&#8221; global_colors_info=&#8221;{}&#8221;][\/et_pb_image][\/et_pb_column][et_pb_column type=&#8221;1_4&#8243; _builder_version=&#8221;4.16&#8243; _module_preset=&#8221;default&#8221; global_colors_info=&#8221;{}&#8221;][et_pb_text admin_label=&#8221;Dr. Szab\u00f3 Zsanett&#8221; _builder_version=&#8221;4.23.3&#8243; text_font=&#8221;Roboto||||&#8221; text_text_color=&#8221;#363a8f&#8221; text_font_size=&#8221;16px&#8221; background_size=&#8221;initial&#8221; background_position=&#8221;top_left&#8221; background_repeat=&#8221;repeat&#8221; text_orientation=&#8221;center&#8221; custom_margin=&#8221;|5%|||false|false&#8221; hover_enabled=&#8221;0&#8243; use_border_color=&#8221;off&#8221; global_colors_info=&#8221;{}&#8221; text_text_color__hover_enabled=&#8221;on|hover&#8221; text_text_color__hover=&#8221;#f2b400&#8243; sticky_enabled=&#8221;0&#8243;]<strong>Dr. Zsanett Szab\u00f3-Gregoczki<\/strong><br \/>\nsenior associate[\/et_pb_text][et_pb_blurb use_icon=&#8221;on&#8221; font_icon=&#8221;&#xe076;||divi||400&#8243; image_icon_width=&#8221;28px&#8221; _builder_version=&#8221;4.17.2&#8243; _module_preset=&#8221;default&#8221; custom_margin=&#8221;||0px||false|false&#8221; custom_padding=&#8221;||0px||false|false&#8221; link_option_url=&#8221;mailto:zsanett.szabo@cerhahempel.hu&#8221; icon_font_size=&#8221;28px&#8221; global_colors_info=&#8221;{}&#8221; icon_color__hover_enabled=&#8221;on|hover&#8221; icon_color__hover=&#8221;#363a8f&#8221;][\/et_pb_blurb][et_pb_image src=&#8221;https:\/\/constructionpapers.hu\/wp-content\/uploads\/2020\/08\/Szabo-Zsanett.jpg&#8221; title_text=&#8221;Szab\u00f3 Zsanett&#8221; _builder_version=&#8221;4.16&#8243; _module_preset=&#8221;default&#8221; max_width=&#8221;80%&#8221; module_alignment=&#8221;center&#8221; animation_style=&#8221;slide&#8221; animation_direction=&#8221;right&#8221; animation_delay=&#8221;600ms&#8221; global_colors_info=&#8221;{}&#8221;][\/et_pb_image][\/et_pb_column][\/et_pb_row][\/et_pb_section]<\/p>\n","protected":false},"excerpt":{"rendered":"<p>Construction law blog of CERHA HEMPELThis is the blog of the Construction Team dealing with construction matters and disputes in Cerha Hempel Dezs\u0151 and Partners. Our colleagues regularly publish on civil and construction law issues of great interest, which are recurring significant problems for businesses in the construction industry. The materials published here do not [&hellip;]<\/p>\n","protected":false},"author":1,"featured_media":0,"parent":0,"menu_order":0,"comment_status":"closed","ping_status":"closed","template":"","meta":{"_et_pb_use_builder":"on","_et_pb_old_content":"","_et_gb_content_width":"","footnotes":""},"class_list":["post-28731","page","type-page","status-publish","hentry"],"yoast_head":"<!-- This site is optimized with the Yoast SEO plugin v27.0 - https:\/\/yoast.com\/product\/yoast-seo-wordpress\/ -->\n<title>CONSTRUCTION PAPERS - Construction law blog of CERHA HEMPEL<\/title>\n<meta name=\"description\" content=\"This is the blog of the Construction Team dealing with construction matters and disputes in Cerha Hempel Dezs\u0151 and Partners.\" \/>\n<meta name=\"robots\" content=\"index, follow, max-snippet:-1, max-image-preview:large, max-video-preview:-1\" \/>\n<link rel=\"canonical\" href=\"https:\/\/constructionpapers.hu\/\" \/>\n<meta property=\"og:locale\" content=\"en_US\" \/>\n<meta property=\"og:type\" content=\"article\" \/>\n<meta property=\"og:title\" content=\"CONSTRUCTION PAPERS - Construction law blog of CERHA HEMPEL\" \/>\n<meta property=\"og:description\" content=\"This is the blog of the Construction Team dealing with construction matters and disputes in Cerha Hempel Dezs\u0151 and Partners.\" \/>\n<meta property=\"og:url\" content=\"https:\/\/constructionpapers.hu\/\" \/>\n<meta property=\"og:site_name\" content=\"CONSTRUCTION PAPERS\" \/>\n<meta property=\"article:modified_time\" content=\"2024-02-15T15:29:17+00:00\" \/>\n<meta property=\"og:image\" content=\"https:\/\/constructionpapers.hu\/wp-content\/uploads\/2020\/11\/construction-papers-og.jpg\" \/>\n\t<meta property=\"og:image:width\" content=\"1125\" \/>\n\t<meta property=\"og:image:height\" content=\"633\" \/>\n\t<meta property=\"og:image:type\" content=\"image\/jpeg\" \/>\n<meta name=\"twitter:label1\" content=\"Est. reading time\" \/>\n\t<meta name=\"twitter:data1\" content=\"3 minutes\" \/>\n<script type=\"application\/ld+json\" class=\"yoast-schema-graph\">{\"@context\":\"https:\/\/schema.org\",\"@graph\":[{\"@type\":\"WebPage\",\"@id\":\"https:\/\/constructionpapers.hu\/\",\"url\":\"https:\/\/constructionpapers.hu\/\",\"name\":\"CONSTRUCTION PAPERS - Construction law blog of CERHA HEMPEL\",\"isPartOf\":{\"@id\":\"https:\/\/constructionpapers.hu\/#website\"},\"datePublished\":\"2017-07-31T07:38:52+00:00\",\"dateModified\":\"2024-02-15T15:29:17+00:00\",\"description\":\"This is the blog of the Construction Team dealing with construction matters and disputes in Cerha Hempel Dezs\u0151 and Partners.\",\"breadcrumb\":{\"@id\":\"https:\/\/constructionpapers.hu\/#breadcrumb\"},\"inLanguage\":\"en-US\",\"potentialAction\":[{\"@type\":\"ReadAction\",\"target\":[\"https:\/\/constructionpapers.hu\/\"]}]},{\"@type\":\"BreadcrumbList\",\"@id\":\"https:\/\/constructionpapers.hu\/#breadcrumb\",\"itemListElement\":[{\"@type\":\"ListItem\",\"position\":1,\"name\":\"Home\",\"item\":\"https:\/\/constructionpapers.hu\/\"},{\"@type\":\"ListItem\",\"position\":2,\"name\":\"Blog\"}]},{\"@type\":\"WebSite\",\"@id\":\"https:\/\/constructionpapers.hu\/#website\",\"url\":\"https:\/\/constructionpapers.hu\/\",\"name\":\"CONSTRUCTION PAPERS\",\"description\":\"A CERHA HEMPEL \u00e9p\u00edt\u00e9si jogi blogja\",\"potentialAction\":[{\"@type\":\"SearchAction\",\"target\":{\"@type\":\"EntryPoint\",\"urlTemplate\":\"https:\/\/constructionpapers.hu\/?s={search_term_string}\"},\"query-input\":{\"@type\":\"PropertyValueSpecification\",\"valueRequired\":true,\"valueName\":\"search_term_string\"}}],\"inLanguage\":\"en-US\"}]}<\/script>\n<!-- \/ Yoast SEO plugin. -->","yoast_head_json":{"title":"CONSTRUCTION PAPERS - Construction law blog of CERHA HEMPEL","description":"This is the blog of the Construction Team dealing with construction matters and disputes in Cerha Hempel Dezs\u0151 and Partners.","robots":{"index":"index","follow":"follow","max-snippet":"max-snippet:-1","max-image-preview":"max-image-preview:large","max-video-preview":"max-video-preview:-1"},"canonical":"https:\/\/constructionpapers.hu\/","og_locale":"en_US","og_type":"article","og_title":"CONSTRUCTION PAPERS - Construction law blog of CERHA HEMPEL","og_description":"This is the blog of the Construction Team dealing with construction matters and disputes in Cerha Hempel Dezs\u0151 and Partners.","og_url":"https:\/\/constructionpapers.hu\/","og_site_name":"CONSTRUCTION PAPERS","article_modified_time":"2024-02-15T15:29:17+00:00","og_image":[{"width":1125,"height":633,"url":"https:\/\/constructionpapers.hu\/wp-content\/uploads\/2020\/11\/construction-papers-og.jpg","type":"image\/jpeg"}],"twitter_misc":{"Est. reading time":"3 minutes"},"schema":{"@context":"https:\/\/schema.org","@graph":[{"@type":"WebPage","@id":"https:\/\/constructionpapers.hu\/","url":"https:\/\/constructionpapers.hu\/","name":"CONSTRUCTION PAPERS - Construction law blog of CERHA HEMPEL","isPartOf":{"@id":"https:\/\/constructionpapers.hu\/#website"},"datePublished":"2017-07-31T07:38:52+00:00","dateModified":"2024-02-15T15:29:17+00:00","description":"This is the blog of the Construction Team dealing with construction matters and disputes in Cerha Hempel Dezs\u0151 and Partners.","breadcrumb":{"@id":"https:\/\/constructionpapers.hu\/#breadcrumb"},"inLanguage":"en-US","potentialAction":[{"@type":"ReadAction","target":["https:\/\/constructionpapers.hu\/"]}]},{"@type":"BreadcrumbList","@id":"https:\/\/constructionpapers.hu\/#breadcrumb","itemListElement":[{"@type":"ListItem","position":1,"name":"Home","item":"https:\/\/constructionpapers.hu\/"},{"@type":"ListItem","position":2,"name":"Blog"}]},{"@type":"WebSite","@id":"https:\/\/constructionpapers.hu\/#website","url":"https:\/\/constructionpapers.hu\/","name":"CONSTRUCTION PAPERS","description":"A CERHA HEMPEL \u00e9p\u00edt\u00e9si jogi blogja","potentialAction":[{"@type":"SearchAction","target":{"@type":"EntryPoint","urlTemplate":"https:\/\/constructionpapers.hu\/?s={search_term_string}"},"query-input":{"@type":"PropertyValueSpecification","valueRequired":true,"valueName":"search_term_string"}}],"inLanguage":"en-US"}]}},"_links":{"self":[{"href":"https:\/\/constructionpapers.hu\/en\/wp-json\/wp\/v2\/pages\/28731","targetHints":{"allow":["GET"]}}],"collection":[{"href":"https:\/\/constructionpapers.hu\/en\/wp-json\/wp\/v2\/pages"}],"about":[{"href":"https:\/\/constructionpapers.hu\/en\/wp-json\/wp\/v2\/types\/page"}],"author":[{"embeddable":true,"href":"https:\/\/constructionpapers.hu\/en\/wp-json\/wp\/v2\/users\/1"}],"replies":[{"embeddable":true,"href":"https:\/\/constructionpapers.hu\/en\/wp-json\/wp\/v2\/comments?post=28731"}],"version-history":[{"count":18,"href":"https:\/\/constructionpapers.hu\/en\/wp-json\/wp\/v2\/pages\/28731\/revisions"}],"predecessor-version":[{"id":31556,"href":"https:\/\/constructionpapers.hu\/en\/wp-json\/wp\/v2\/pages\/28731\/revisions\/31556"}],"wp:attachment":[{"href":"https:\/\/constructionpapers.hu\/en\/wp-json\/wp\/v2\/media?parent=28731"}],"curies":[{"name":"wp","href":"https:\/\/api.w.org\/{rel}","templated":true}]}}