{"id":28563,"date":"2017-05-02T16:35:16","date_gmt":"2017-05-02T16:35:16","guid":{"rendered":"http:\/\/competition.hu\/feliratkozas\/"},"modified":"2022-05-27T11:17:37","modified_gmt":"2022-05-27T11:17:37","slug":"subscription","status":"publish","type":"page","link":"https:\/\/constructionpapers.hu\/en\/subscription\/","title":{"rendered":"Subscription"},"content":{"rendered":"<p>[et_pb_section fb_built=&#8221;1&#8243; admin_label=&#8221;section&#8221; _builder_version=&#8221;4.16&#8243; custom_padding=&#8221;||110px|&#8221; custom_padding_tablet=&#8221;||110px|&#8221; transparent_background=&#8221;off&#8221; padding_mobile=&#8221;on&#8221; make_fullwidth=&#8221;off&#8221; use_custom_width=&#8221;off&#8221; width_unit=&#8221;on&#8221; collapsed=&#8221;off&#8221; global_colors_info=&#8221;{}&#8221;][et_pb_row _builder_version=&#8221;4.16&#8243; background_size=&#8221;initial&#8221; background_position=&#8221;top_left&#8221; background_repeat=&#8221;repeat&#8221; global_colors_info=&#8221;{}&#8221;][et_pb_column type=&#8221;4_4&#8243; _builder_version=&#8221;4.16&#8243; custom_padding=&#8221;|||&#8221; global_colors_info=&#8221;{}&#8221; custom_padding__hover=&#8221;|||&#8221;][et_pb_cta title=&#8221;ONE MORE STEP&#8221; disabled_on=&#8221;off|off|&#8221; admin_label=&#8221;M\u00c9G EGY L\u00c9P\u00c9S H\u00c1TRAVAN&#8221; _builder_version=&#8221;4.16&#8243; header_font=&#8221;Montserrat|on|||&#8221; header_text_color=&#8221;#000000&#8243; header_font_size=&#8221;56&#8243; header_line_height=&#8221;1.3em&#8221; body_font=&#8221;Montserrat||||&#8221; body_text_color=&#8221;#ffffff&#8221; body_font_size=&#8221;26&#8243; body_line_height=&#8221;1.2em&#8221; use_background_color=&#8221;off&#8221; background_size=&#8221;initial&#8221; background_position=&#8221;top_left&#8221; background_repeat=&#8221;repeat&#8221; background_layout=&#8221;light&#8221; header_font_size_tablet=&#8221;40&#8243; header_font_size_phone=&#8221;30&#8243; header_font_size_last_edited=&#8221;on|desktop&#8221; custom_css_main_element=&#8221;font-weight:400;&#8221; custom_css_promo_description=&#8221;font-weight:400;&#8221; custom_css_promo_button=&#8221;margin-top:34px;&#8221; use_border_color=&#8221;off&#8221; border_color=&#8221;#ffffff&#8221; border_style=&#8221;solid&#8221; button_border_color_hover=&#8221;#aad3ca&#8221; button_border_radius_hover=&#8221;4&#8243; button_letter_spacing_hover=&#8221;1&#8243; global_colors_info=&#8221;{}&#8221; button_text_size__hover_enabled=&#8221;off&#8221; button_one_text_size__hover_enabled=&#8221;off&#8221; button_two_text_size__hover_enabled=&#8221;off&#8221; button_text_color__hover_enabled=&#8221;off&#8221; button_one_text_color__hover_enabled=&#8221;off&#8221; button_two_text_color__hover_enabled=&#8221;off&#8221; button_border_width__hover_enabled=&#8221;off&#8221; button_one_border_width__hover_enabled=&#8221;off&#8221; button_two_border_width__hover_enabled=&#8221;off&#8221; button_border_color__hover_enabled=&#8221;on&#8221; button_border_color__hover=&#8221;#aad3ca&#8221; button_one_border_color__hover_enabled=&#8221;off&#8221; button_two_border_color__hover_enabled=&#8221;off&#8221; button_border_radius__hover_enabled=&#8221;on&#8221; button_border_radius__hover=&#8221;4&#8243; button_one_border_radius__hover_enabled=&#8221;off&#8221; button_two_border_radius__hover_enabled=&#8221;off&#8221; button_letter_spacing__hover_enabled=&#8221;on&#8221; button_letter_spacing__hover=&#8221;1&#8243; button_one_letter_spacing__hover_enabled=&#8221;off&#8221; button_two_letter_spacing__hover_enabled=&#8221;off&#8221; button_bg_color__hover_enabled=&#8221;off&#8221; button_one_bg_color__hover_enabled=&#8221;off&#8221; button_two_bg_color__hover_enabled=&#8221;off&#8221;][\/et_pb_cta][et_pb_text _builder_version=&#8221;4.16&#8243; text_font_size=&#8221;18&#8243; background_size=&#8221;initial&#8221; background_position=&#8221;top_left&#8221; background_repeat=&#8221;repeat&#8221; text_orientation=&#8221;center&#8221; module_alignment=&#8221;center&#8221; text_font_size_tablet=&#8221;14&#8243; text_font_size_phone=&#8221;&#8221; text_font_size_last_edited=&#8221;on|phone&#8221; use_border_color=&#8221;off&#8221; border_color=&#8221;#ffffff&#8221; border_style=&#8221;solid&#8221; global_colors_info=&#8221;{}&#8221;]<\/p>\n<p style=\"text-align: center;\">If you are using Gmail please check the PROMOTIONS tab also for the confirmation email.<\/p>\n<p>[\/et_pb_text][et_pb_image src=&#8221;http:\/\/competition.hu\/wp-content\/uploads\/2017\/05\/gmail-CHSH.jpg&#8221; align=&#8221;center&#8221; align_tablet=&#8221;center&#8221; align_phone=&#8221;&#8221; align_last_edited=&#8221;on|desktop&#8221; _builder_version=&#8221;4.16&#8243; animation_style=&#8221;slide&#8221; animation_direction=&#8221;bottom&#8221; animation_duration=&#8221;500ms&#8221; animation_intensity_slide=&#8221;10%&#8221; use_border_color=&#8221;off&#8221; border_color=&#8221;#ffffff&#8221; border_style=&#8221;solid&#8221; animation=&#8221;bottom&#8221; sticky=&#8221;off&#8221; always_center_on_mobile=&#8221;on&#8221; global_colors_info=&#8221;{}&#8221;][\/et_pb_image][\/et_pb_column][\/et_pb_row][\/et_pb_section]<\/p>\n","protected":false},"excerpt":{"rendered":"<p>If you are using Gmail please check the PROMOTIONS tab also for the confirmation email.<\/p>\n","protected":false},"author":1,"featured_media":0,"parent":0,"menu_order":0,"comment_status":"closed","ping_status":"closed","template":"","meta":{"_et_pb_use_builder":"on","_et_pb_old_content":"","_et_gb_content_width":"","footnotes":""},"class_list":["post-28563","page","type-page","status-publish","hentry"],"yoast_head":"<!-- This site is optimized with the Yoast SEO plugin v27.0 - https:\/\/yoast.com\/product\/yoast-seo-wordpress\/ -->\n<title>Subscription - Construction law blog of CERHA HEMPEL<\/title>\n<meta name=\"robots\" content=\"index, follow, max-snippet:-1, max-image-preview:large, max-video-preview:-1\" \/>\n<link rel=\"canonical\" href=\"https:\/\/constructionpapers.hu\/en\/subscription\/\" \/>\n<meta property=\"og:locale\" content=\"en_US\" \/>\n<meta property=\"og:type\" content=\"article\" \/>\n<meta property=\"og:title\" content=\"Subscription - Construction law blog of CERHA HEMPEL\" \/>\n<meta property=\"og:description\" content=\"If you are using Gmail please check the PROMOTIONS tab also for the confirmation email.\" \/>\n<meta property=\"og:url\" content=\"https:\/\/constructionpapers.hu\/en\/subscription\/\" \/>\n<meta property=\"og:site_name\" content=\"CONSTRUCTION PAPERS\" \/>\n<meta property=\"article:modified_time\" content=\"2022-05-27T11:17:37+00:00\" \/>\n<meta property=\"og:image\" content=\"https:\/\/constructionpapers.hu\/wp-content\/uploads\/2020\/11\/construction-papers-og.jpg\" \/>\n\t<meta property=\"og:image:width\" content=\"1125\" \/>\n\t<meta property=\"og:image:height\" content=\"633\" \/>\n\t<meta property=\"og:image:type\" content=\"image\/jpeg\" \/>\n<meta name=\"twitter:label1\" content=\"Est. reading time\" \/>\n\t<meta name=\"twitter:data1\" content=\"2 minutes\" \/>\n<script type=\"application\/ld+json\" class=\"yoast-schema-graph\">{\"@context\":\"https:\/\/schema.org\",\"@graph\":[{\"@type\":\"WebPage\",\"@id\":\"https:\/\/constructionpapers.hu\/en\/subscription\/\",\"url\":\"https:\/\/constructionpapers.hu\/en\/subscription\/\",\"name\":\"Subscription - Construction law blog of CERHA HEMPEL\",\"isPartOf\":{\"@id\":\"https:\/\/constructionpapers.hu\/#website\"},\"datePublished\":\"2017-05-02T16:35:16+00:00\",\"dateModified\":\"2022-05-27T11:17:37+00:00\",\"breadcrumb\":{\"@id\":\"https:\/\/constructionpapers.hu\/en\/subscription\/#breadcrumb\"},\"inLanguage\":\"en-US\",\"potentialAction\":[{\"@type\":\"ReadAction\",\"target\":[\"https:\/\/constructionpapers.hu\/en\/subscription\/\"]}]},{\"@type\":\"BreadcrumbList\",\"@id\":\"https:\/\/constructionpapers.hu\/en\/subscription\/#breadcrumb\",\"itemListElement\":[{\"@type\":\"ListItem\",\"position\":1,\"name\":\"Home\",\"item\":\"https:\/\/constructionpapers.hu\/\"},{\"@type\":\"ListItem\",\"position\":2,\"name\":\"Subscription\"}]},{\"@type\":\"WebSite\",\"@id\":\"https:\/\/constructionpapers.hu\/#website\",\"url\":\"https:\/\/constructionpapers.hu\/\",\"name\":\"CONSTRUCTION PAPERS\",\"description\":\"A CERHA HEMPEL \u00e9p\u00edt\u00e9si jogi blogja\",\"potentialAction\":[{\"@type\":\"SearchAction\",\"target\":{\"@type\":\"EntryPoint\",\"urlTemplate\":\"https:\/\/constructionpapers.hu\/?s={search_term_string}\"},\"query-input\":{\"@type\":\"PropertyValueSpecification\",\"valueRequired\":true,\"valueName\":\"search_term_string\"}}],\"inLanguage\":\"en-US\"}]}<\/script>\n<!-- \/ Yoast SEO plugin. -->","yoast_head_json":{"title":"Subscription - Construction law blog of CERHA HEMPEL","robots":{"index":"index","follow":"follow","max-snippet":"max-snippet:-1","max-image-preview":"max-image-preview:large","max-video-preview":"max-video-preview:-1"},"canonical":"https:\/\/constructionpapers.hu\/en\/subscription\/","og_locale":"en_US","og_type":"article","og_title":"Subscription - Construction law blog of CERHA HEMPEL","og_description":"If you are using Gmail please check the PROMOTIONS tab also for the confirmation email.","og_url":"https:\/\/constructionpapers.hu\/en\/subscription\/","og_site_name":"CONSTRUCTION PAPERS","article_modified_time":"2022-05-27T11:17:37+00:00","og_image":[{"width":1125,"height":633,"url":"https:\/\/constructionpapers.hu\/wp-content\/uploads\/2020\/11\/construction-papers-og.jpg","type":"image\/jpeg"}],"twitter_misc":{"Est. reading time":"2 minutes"},"schema":{"@context":"https:\/\/schema.org","@graph":[{"@type":"WebPage","@id":"https:\/\/constructionpapers.hu\/en\/subscription\/","url":"https:\/\/constructionpapers.hu\/en\/subscription\/","name":"Subscription - Construction law blog of CERHA HEMPEL","isPartOf":{"@id":"https:\/\/constructionpapers.hu\/#website"},"datePublished":"2017-05-02T16:35:16+00:00","dateModified":"2022-05-27T11:17:37+00:00","breadcrumb":{"@id":"https:\/\/constructionpapers.hu\/en\/subscription\/#breadcrumb"},"inLanguage":"en-US","potentialAction":[{"@type":"ReadAction","target":["https:\/\/constructionpapers.hu\/en\/subscription\/"]}]},{"@type":"BreadcrumbList","@id":"https:\/\/constructionpapers.hu\/en\/subscription\/#breadcrumb","itemListElement":[{"@type":"ListItem","position":1,"name":"Home","item":"https:\/\/constructionpapers.hu\/"},{"@type":"ListItem","position":2,"name":"Subscription"}]},{"@type":"WebSite","@id":"https:\/\/constructionpapers.hu\/#website","url":"https:\/\/constructionpapers.hu\/","name":"CONSTRUCTION PAPERS","description":"A CERHA HEMPEL \u00e9p\u00edt\u00e9si jogi blogja","potentialAction":[{"@type":"SearchAction","target":{"@type":"EntryPoint","urlTemplate":"https:\/\/constructionpapers.hu\/?s={search_term_string}"},"query-input":{"@type":"PropertyValueSpecification","valueRequired":true,"valueName":"search_term_string"}}],"inLanguage":"en-US"}]}},"_links":{"self":[{"href":"https:\/\/constructionpapers.hu\/en\/wp-json\/wp\/v2\/pages\/28563","targetHints":{"allow":["GET"]}}],"collection":[{"href":"https:\/\/constructionpapers.hu\/en\/wp-json\/wp\/v2\/pages"}],"about":[{"href":"https:\/\/constructionpapers.hu\/en\/wp-json\/wp\/v2\/types\/page"}],"author":[{"embeddable":true,"href":"https:\/\/constructionpapers.hu\/en\/wp-json\/wp\/v2\/users\/1"}],"replies":[{"embeddable":true,"href":"https:\/\/constructionpapers.hu\/en\/wp-json\/wp\/v2\/comments?post=28563"}],"version-history":[{"count":2,"href":"https:\/\/constructionpapers.hu\/en\/wp-json\/wp\/v2\/pages\/28563\/revisions"}],"predecessor-version":[{"id":31032,"href":"https:\/\/constructionpapers.hu\/en\/wp-json\/wp\/v2\/pages\/28563\/revisions\/31032"}],"wp:attachment":[{"href":"https:\/\/constructionpapers.hu\/en\/wp-json\/wp\/v2\/media?parent=28563"}],"curies":[{"name":"wp","href":"https:\/\/api.w.org\/{rel}","templated":true}]}}